{"id":10280,"date":"2025-05-08T11:41:53","date_gmt":"2025-05-08T11:41:53","guid":{"rendered":"https:\/\/donkydetailing.com\/?post_type=product&#038;p=10280"},"modified":"2025-05-08T11:43:27","modified_gmt":"2025-05-08T11:43:27","slug":"kit-de-bache-haute-bequilles-roue-jockey-stema-kit-remorque-variolux-750-incl","status":"publish","type":"product","link":"https:\/\/donkydetailing.com\/?product=kit-de-bache-haute-bequilles-roue-jockey-stema-kit-remorque-variolux-750-incl","title":{"rendered":"Kit de b\u00e2che haute, b\u00e9quilles &#038; roue jockey . Stema kit remorque Variolux 750 incl."},"content":{"rendered":"<ul class=\"overview__detail-list normal black\">\n<li>Remorque robuste, non frein\u00e9e, pour un usage priv\u00e9<br \/>\nParticuli\u00e8rement r\u00e9sistante \u00e0 la torsion gr\u00e2ce aux ridelles moulur\u00e9es<br \/>\nL&rsquo;essieu \u00e0 ressort en caoutchouc avec suspension \u00e0 roues ind\u00e9pendantes permet de parcourir de longues distances<br \/>\nProtection anticorrosion durable gr\u00e2ce \u00e0 un rev\u00eatement sp\u00e9cial en aluminium et zinc<br \/>\nChargement max. Charge utile de 591 kg permettant le transport de charges lourdes<br \/>\nAvec kit de b\u00e2che haute, b\u00e9quilles, roue jockey et antivol<\/p>\n<p>Le kit de remorque Variolux 750 de Stema est le pack polyvalent pour vos transports priv\u00e9s ou comme remorque de v\u00e9hicule utilitaire. Avec une charge utile maximale de 591 kg, vous pouvez transporter sans probl\u00e8me des charges lourdes jusqu&rsquo;\u00e0 leur destination. Le poids total autoris\u00e9 est de 750 kg.<\/p>\n<p>&nbsp;<\/p>\n<p>Une remorque de voiture s\u00fbre pour les longues distances<\/p>\n<p>Avec cette remorque, les transports sur une longue distance sont \u00e9galement possibles, car l&rsquo;essieu \u00e0 ressort en caoutchouc de qualit\u00e9 avec suspension \u00e0 roues ind\u00e9pendantes compense les irr\u00e9gularit\u00e9s de la route. Les 4 crochets d&rsquo;arrimage suppl\u00e9mentaires sur la surface de chargement permettent de fixer en toute s\u00e9curit\u00e9 des charges plus ou moins importantes et de les emp\u00eacher de glisser pendant le trajet. D&rsquo;autres points d&rsquo;arrimage se trouvent sur le rail p\u00e9riph\u00e9rique.<\/p>\n<p>&nbsp;<\/p>\n<p>Monoaxes robustes &#8211; surface de chargement stable<\/p>\n<p>M\u00eame en cas de fortes charges, les ridelles moulur\u00e9es avec leurs creux en forme de goutti\u00e8re dans la t\u00f4le ne c\u00e8dent pas. La traverse dans le plancher stabilise encore plus la surface de chargement. Le timon en V assure une grande stabilit\u00e9 de conduite et sert de s\u00e9curit\u00e9 suppl\u00e9mentaire pendant le transport. Votre v\u00e9hicule tracteur est prot\u00e9g\u00e9 des dommages par le plastique \u00e9lastique sur l&rsquo;attelage.<\/p>\n<p>&nbsp;<\/p>\n<p>Mat\u00e9riau durable avec rev\u00eatement sp\u00e9cial<\/p>\n<p>Le plancher de la remorque est en bois multicouche coll\u00e9 et r\u00e9sistant \u00e0 l&rsquo;eau, recouvert de r\u00e9sine ph\u00e9nolique. La structure s\u00e9rigraphi\u00e9e antid\u00e9rapante de la surface assure le maintien des marchandises transport\u00e9es. De plus, le rev\u00eatement sp\u00e9cial en aluminium et zinc et le ch\u00e2ssis galvanis\u00e9 \u00e0 chaud r\u00e9sistent aux intemp\u00e9ries et prot\u00e8gent la remorque auto des dommages.<\/p>\n<p>&nbsp;<\/p>\n<p>Nombreux accessoires<\/p>\n<p>La roue jockey incluse dans la livraison n&rsquo;augmente pas seulement la mobilit\u00e9 de la remorque voiture, mais emp\u00eache \u00e9galement le basculement de la remorque. Pendant vos pauses, le dispositif antivol fourni prot\u00e8ge la remorque de toute intrusion ext\u00e9rieure. Le rabat de la paroi arri\u00e8re est prot\u00e9g\u00e9 par les fermetures de s\u00e9curit\u00e9 Stema pour \u00e9viter qu&rsquo;il ne s&rsquo;ouvre accidentellement. Les feux arri\u00e8re multifonctions de grande taille, y compris le feu antibrouillard arri\u00e8re, sont raccord\u00e9s au courant par la fiche \u00e0 7 p\u00f4les.<\/p>\n<p>&nbsp;<\/li>\n<\/ul>\n","protected":false},"excerpt":{"rendered":"<p>Donn\u00e9es techniques<br \/>\nCaract\u00e9ristiques du produit<br \/>\nSurface utile : 201 x 108 cm<br \/>\nHauteur des parois lat\u00e9rales : 38 cm<br \/>\nPoids total maximum autoris\u00e9 : 750 kg<br \/>\nCharge utile maximale : 591 kg<br \/>\nVersion : chargeur surbaiss\u00e9<br \/>\nFrein : Sans fonction de freinage<br \/>\nRoue jockey\u00a0: Avec roue jockey<br \/>\nAmortisseur : Sans amortisseur<br \/>\nCharge de support (kg): 50 kg<br \/>\nNombre d&rsquo;axes : 1<br \/>\nDimensions ext\u00e9rieures totales : 2,92 x 1,50 x 1,70 m<br \/>\nHauteur du seuil de chargement : 54 cm<br \/>\n\u00c9paisseur du socle : 9 mm<br \/>\nDiam\u00e8tre de la jante : 33,02 cm (13&Prime;)<br \/>\nmesures et poids<br \/>\nPoids : 159,0 kg<br \/>\nHauteur : 170,0 cm<br \/>\nLargeur : 150,0 cm<br \/>\nProfondeur : 2,95 m<\/p>\n","protected":false},"featured_media":10507,"comment_status":"open","ping_status":"closed","template":"","meta":{"inline_featured_image":false},"product_brand":[],"product_cat":[130,105],"product_tag":[],"class_list":{"0":"post-10280","1":"product","2":"type-product","3":"status-publish","4":"has-post-thumbnail","6":"product_cat-remorque-voiture","7":"product_cat-remorques","9":"first","10":"instock","11":"sale","12":"purchasable","13":"product-type-simple"},"_links":{"self":[{"href":"https:\/\/donkydetailing.com\/index.php?rest_route=\/wp\/v2\/product\/10280","targetHints":{"allow":["GET"]}}],"collection":[{"href":"https:\/\/donkydetailing.com\/index.php?rest_route=\/wp\/v2\/product"}],"about":[{"href":"https:\/\/donkydetailing.com\/index.php?rest_route=\/wp\/v2\/types\/product"}],"replies":[{"embeddable":true,"href":"https:\/\/donkydetailing.com\/index.php?rest_route=%2Fwp%2Fv2%2Fcomments&post=10280"}],"version-history":[{"count":0,"href":"https:\/\/donkydetailing.com\/index.php?rest_route=\/wp\/v2\/product\/10280\/revisions"}],"wp:featuredmedia":[{"embeddable":true,"href":"https:\/\/donkydetailing.com\/index.php?rest_route=\/wp\/v2\/media\/10507"}],"wp:attachment":[{"href":"https:\/\/donkydetailing.com\/index.php?rest_route=%2Fwp%2Fv2%2Fmedia&parent=10280"}],"wp:term":[{"taxonomy":"product_brand","embeddable":true,"href":"https:\/\/donkydetailing.com\/index.php?rest_route=%2Fwp%2Fv2%2Fproduct_brand&post=10280"},{"taxonomy":"product_cat","embeddable":true,"href":"https:\/\/donkydetailing.com\/index.php?rest_route=%2Fwp%2Fv2%2Fproduct_cat&post=10280"},{"taxonomy":"product_tag","embeddable":true,"href":"https:\/\/donkydetailing.com\/index.php?rest_route=%2Fwp%2Fv2%2Fproduct_tag&post=10280"}],"curies":[{"name":"wp","href":"https:\/\/api.w.org\/{rel}","templated":true}]}}