{"id":11069,"date":"2025-05-08T11:48:33","date_gmt":"2025-05-08T11:48:33","guid":{"rendered":"https:\/\/donkydetailing.com\/?post_type=product&#038;p=11069"},"modified":"2025-05-08T11:52:08","modified_gmt":"2025-05-08T11:52:08","slug":"pkw-anhanger-holztransportanhanger-3500kg-ht353017-ladeflache-zwischen-rungen-ca-3-00-x-177-m","status":"publish","type":"product","link":"https:\/\/donkydetailing.com\/?product=pkw-anhanger-holztransportanhanger-3500kg-ht353017-ladeflache-zwischen-rungen-ca-3-00-x-177-m","title":{"rendered":"PKW Anh\u00e4nger Holztransportanh\u00e4nger 3500kg HT353017, Ladefl\u00e4che (zwischen Rungen) ca. 3.00 x 1,77 m"},"content":{"rendered":"","protected":false},"excerpt":{"rendered":"<p>Informations produit \u00ab Remorque de transport de bois 3500kg HT353017, surface de chargement (entre ranchers) env. 3,00 x 1,77 m  \u00bb<br \/>\nVente de v\u00e9hicule de d\u00e9monstration !<\/p>\n<p>La remorque de transport de bois est adapt\u00e9e au transport de bois jusqu&rsquo;\u00e0 3 m de longueur.<br \/>\nGr\u00e2ce \u00e0 la charge utile extr\u00eamement \u00e9lev\u00e9e tout en garantissant la stabilit\u00e9, le v\u00e9hicule est parfaitement adapt\u00e9 \u00e0 une utilisation en for\u00eat, m\u00eame derri\u00e8re un tracteur.<br \/>\nLe v\u00e9hicule est enti\u00e8rement soud\u00e9 et les b\u00e9quilles sont viss\u00e9es, ce qui permet de les remplacer en cas de dommage.<\/p>\n<p>Donn\u00e9es cl\u00e9s :<\/p>\n<p>&#8211; Fabricant : Fendt<br \/>\n&#8211; Type : HT353017<br \/>\n&#8211; Fabriqu\u00e9 en Allemagne<\/p>\n<p>&#8211; Dimensions ext\u00e9rieures : env. L 4,80 x l 1,90 x H 1,85 m<br \/>\n&#8211; poids total 3500 kg<br \/>\n&#8211; Poids 800 kg<br \/>\n&#8211; Charge utile 2700 kg<br \/>\n&#8211; Surface de chargement (entre poteaux) env. 3,00 x 1,77 m<br \/>\n&#8211; Hauteur du poteau 115 cm<br \/>\n&#8211; Volume de chargement env. 6 m\u00b3<\/p>\n<p>&#8211; Ch\u00e2ssis de v\u00e9hicule enti\u00e8rement galvanis\u00e9 \u00e0 chaud<br \/>\n&#8211; 8 points d&rsquo;arrimage solides par c\u00f4t\u00e9<\/p>\n<p>&#8211; 2 essieux \u00e0 ressort en caoutchouc Knott avec suspension \u00e0 roues ind\u00e9pendantes<br \/>\n&#8211; Reconditionnement Knott<br \/>\n&#8211; Timon en forme de V &#8211; et ch\u00e2ssis galvanis\u00e9 \u00e0 chaud<br \/>\n&#8211; Pneus 12 pouces &#8211; 225\/55 R12C<br \/>\n&#8211; syst\u00e8me \u00e9lectrique \u00e0 13 p\u00f4les<br \/>\n&#8211; papiers du v\u00e9hicule EBE inclus<\/p>\n","protected":false},"featured_media":11361,"comment_status":"closed","ping_status":"closed","template":"","meta":{"inline_featured_image":false},"product_brand":[],"product_cat":[130,105],"product_tag":[],"class_list":{"0":"post-11069","1":"product","2":"type-product","3":"status-publish","4":"has-post-thumbnail","6":"product_cat-remorque-voiture","7":"product_cat-remorques","9":"first","10":"instock","11":"sale","12":"taxable","13":"shipping-taxable","14":"purchasable","15":"product-type-simple"},"_links":{"self":[{"href":"https:\/\/donkydetailing.com\/index.php?rest_route=\/wp\/v2\/product\/11069","targetHints":{"allow":["GET"]}}],"collection":[{"href":"https:\/\/donkydetailing.com\/index.php?rest_route=\/wp\/v2\/product"}],"about":[{"href":"https:\/\/donkydetailing.com\/index.php?rest_route=\/wp\/v2\/types\/product"}],"replies":[{"embeddable":true,"href":"https:\/\/donkydetailing.com\/index.php?rest_route=%2Fwp%2Fv2%2Fcomments&post=11069"}],"version-history":[{"count":0,"href":"https:\/\/donkydetailing.com\/index.php?rest_route=\/wp\/v2\/product\/11069\/revisions"}],"wp:featuredmedia":[{"embeddable":true,"href":"https:\/\/donkydetailing.com\/index.php?rest_route=\/wp\/v2\/media\/11361"}],"wp:attachment":[{"href":"https:\/\/donkydetailing.com\/index.php?rest_route=%2Fwp%2Fv2%2Fmedia&parent=11069"}],"wp:term":[{"taxonomy":"product_brand","embeddable":true,"href":"https:\/\/donkydetailing.com\/index.php?rest_route=%2Fwp%2Fv2%2Fproduct_brand&post=11069"},{"taxonomy":"product_cat","embeddable":true,"href":"https:\/\/donkydetailing.com\/index.php?rest_route=%2Fwp%2Fv2%2Fproduct_cat&post=11069"},{"taxonomy":"product_tag","embeddable":true,"href":"https:\/\/donkydetailing.com\/index.php?rest_route=%2Fwp%2Fv2%2Fproduct_tag&post=11069"}],"curies":[{"name":"wp","href":"https:\/\/api.w.org\/{rel}","templated":true}]}}