{"id":13006,"date":"2025-07-28T11:43:50","date_gmt":"2025-07-28T11:43:50","guid":{"rendered":"https:\/\/donkydetailing.com\/?post_type=product&#038;p=13006"},"modified":"2025-07-28T11:43:50","modified_gmt":"2025-07-28T11:43:50","slug":"remorque-cerealiere-en-acier-demco-2025-de-34-pi-x-96-po","status":"publish","type":"product","link":"https:\/\/donkydetailing.com\/?product=remorque-cerealiere-en-acier-demco-2025-de-34-pi-x-96-po","title":{"rendered":"Remorque c\u00e9r\u00e9ali\u00e8re en acier Demco 2025 de 34 pi x 96 po"},"content":{"rendered":"","protected":false},"excerpt":{"rendered":"<p>Remorque c\u00e9r\u00e9ali\u00e8re en acier Demco 2025 de 34 pi x 96 po \u2013 Hauteur lat\u00e9rale de 66 po, suspension \u00e0 ressorts, essieu tandem, pneus 11R 22,5, roues en acier, deux tr\u00e9mies, volume de 1 152 pi\u00b3, boisseaux de niveau (environ) 922, boisseaux bomb\u00e9s (environ) 985, garde au sol de 25 po, ouverture de tr\u00e9mie de 30 po x 20 po, axe de 18 po, train d\u2019atterrissage\u00a0 55 \u00e0 2 vitesses, \u00e9chelles et plateforme avant et arri\u00e8re, barreaux d\u2019\u00e9chelle \u00e0 l\u2019int\u00e9rieur de la remorque, fen\u00eatre de surveillance, b\u00e2che manuelle, PNBV de 62 000, garde-boue, tr\u00e9mie ventil\u00e9e, renfort Jake.<br \/>\nComposition\u00a0: acier<br \/>\n, b\u00e2che\u00a0: manuelle (neuve),<br \/>\ndimensions de la porte de la tr\u00e9mie\u00a0: 30 x 20 (garde au sol\u00a0: 25 po),<br \/>\n\u00e9chelles,<br \/>\nplateforme<\/p>\n<p>Tr\u00e9mie en acier<br \/>\nLongueur: 34<br \/>\nEssieu: Fixe (essieux tandem)<br \/>\nSuspension: Printemps<br \/>\nPoids nominal : 62000 Kg<\/p>\n<p>Tr\u00e9mie en acier<br \/>\nLongueur: 34<br \/>\nEssieu: Fixe (essieux tandem)<br \/>\nSuspension: Printemps<br \/>\nPoids nominal : 62000Kg<br \/>\nNIV: 57CKG3425SS000299<br \/>\nDemco 3422 2025<br \/>\nLargeur: 96<br \/>\nRoues: Acier<br \/>\nPneus : 11R22.5 Neuf<br \/>\nFreins : Air Nouveau%<br \/>\nHauteur lat\u00e9rale : 66<br \/>\nType de broche \/ r\u00e9glage : 18\u2033<br \/>\nFen\u00eatres lat\u00e9rales : Oui<br \/>\nD\u00e9gagement de la tr\u00e9mie : 25<br \/>\nB\u00e2che: Manuel<\/p>\n","protected":false},"featured_media":13018,"comment_status":"open","ping_status":"closed","template":"","meta":{"inline_featured_image":false},"product_brand":[],"product_cat":[130,105,112],"product_tag":[],"class_list":{"0":"post-13006","1":"product","2":"type-product","3":"status-publish","4":"has-post-thumbnail","6":"product_cat-remorque-voiture","7":"product_cat-remorques","8":"product_cat-remorques-containers-remorques","10":"first","11":"instock","12":"sale","13":"taxable","14":"shipping-taxable","15":"purchasable","16":"product-type-simple"},"_links":{"self":[{"href":"https:\/\/donkydetailing.com\/index.php?rest_route=\/wp\/v2\/product\/13006","targetHints":{"allow":["GET"]}}],"collection":[{"href":"https:\/\/donkydetailing.com\/index.php?rest_route=\/wp\/v2\/product"}],"about":[{"href":"https:\/\/donkydetailing.com\/index.php?rest_route=\/wp\/v2\/types\/product"}],"replies":[{"embeddable":true,"href":"https:\/\/donkydetailing.com\/index.php?rest_route=%2Fwp%2Fv2%2Fcomments&post=13006"}],"version-history":[{"count":1,"href":"https:\/\/donkydetailing.com\/index.php?rest_route=\/wp\/v2\/product\/13006\/revisions"}],"predecessor-version":[{"id":13019,"href":"https:\/\/donkydetailing.com\/index.php?rest_route=\/wp\/v2\/product\/13006\/revisions\/13019"}],"wp:featuredmedia":[{"embeddable":true,"href":"https:\/\/donkydetailing.com\/index.php?rest_route=\/wp\/v2\/media\/13018"}],"wp:attachment":[{"href":"https:\/\/donkydetailing.com\/index.php?rest_route=%2Fwp%2Fv2%2Fmedia&parent=13006"}],"wp:term":[{"taxonomy":"product_brand","embeddable":true,"href":"https:\/\/donkydetailing.com\/index.php?rest_route=%2Fwp%2Fv2%2Fproduct_brand&post=13006"},{"taxonomy":"product_cat","embeddable":true,"href":"https:\/\/donkydetailing.com\/index.php?rest_route=%2Fwp%2Fv2%2Fproduct_cat&post=13006"},{"taxonomy":"product_tag","embeddable":true,"href":"https:\/\/donkydetailing.com\/index.php?rest_route=%2Fwp%2Fv2%2Fproduct_tag&post=13006"}],"curies":[{"name":"wp","href":"https:\/\/api.w.org\/{rel}","templated":true}]}}