{"id":9853,"date":"2025-05-07T18:34:58","date_gmt":"2025-05-07T18:34:58","guid":{"rendered":"https:\/\/cftmaritime.com\/fr\/?post_type=product&#038;p=9853"},"modified":"2025-06-16T21:58:08","modified_gmt":"2025-06-16T21:58:08","slug":"conteneur-maritime-high-cube-de-40-pieds-avec-porte-laterale-hcsd","status":"publish","type":"product","link":"https:\/\/donkydetailing.com\/?product=conteneur-maritime-high-cube-de-40-pieds-avec-porte-laterale-hcsd","title":{"rendered":"Magnifique conteneur en Vitre 20"},"content":{"rendered":"<p>Neuf<\/p>\n","protected":false},"excerpt":{"rendered":"<ul>\n<li>Conteneur maritime de 20pds premier voyage<\/li>\n<li>Construction: acier soud\u00e9 avec des coins ISO<\/li>\n<li>Les cloisons: remplac\u00e9 par des vitrages<\/li>\n<li>Le toit: 2,00mm d\u2019\u00e9paisseur profil\u00e9e<\/li>\n<li>Plancher en bois contreplaqu\u00e9 d\u2019une \u00e9paisseur de 28 mm<\/li>\n<li>Equip\u00e9 avec des barres de fermeture galvanis\u00e9s<\/li>\n<li>Facile \u00e0 d\u00e9placer avec une grue ou chariot \u00e9l\u00e9vateur<\/li>\n<li>Electricit\u00e9 aux normes Belge\n<ul>\n<li>Prise CEE<\/li>\n<li>Bo\u00eete \u00e0 fusibles<\/li>\n<li>2 prises<\/li>\n<li>Barre lumineuse \u00e0 6 spots LED<\/li>\n<\/ul>\n<\/li>\n<\/ul>\n<table>\n<tbody>\n<tr>\n<td>Dimensions ext\u00e9rieurs (LxLxH)<\/td>\n<td>6058 x 2438 x 2591 mm<\/td>\n<\/tr>\n<tr>\n<td>Dimensions int\u00e9rieurs (LxLxH)<\/td>\n<td>5898 x 2350 x 2390 mm<\/td>\n<\/tr>\n<tr>\n<td>Ouverture de porte (LxH)<\/td>\n<td>2340 x 2280 mm<\/td>\n<\/tr>\n<tr>\n<td>Poids<\/td>\n<td>vanaf 2500 kg<\/td>\n<\/tr>\n<tr>\n<td>Volume<\/td>\n<td>33,13 m3<\/td>\n<\/tr>\n<\/tbody>\n<\/table>\n","protected":false},"featured_media":12083,"comment_status":"open","ping_status":"closed","template":"","meta":{"inline_featured_image":false},"product_brand":[],"product_cat":[129,117,118],"product_tag":[],"class_list":{"0":"post-9853","1":"product","2":"type-product","3":"status-publish","4":"has-post-thumbnail","6":"product_cat-container-bar","7":"product_cat-containers","8":"product_cat-conteneur-amenage","10":"first","11":"instock","12":"sale","13":"taxable","14":"shipping-taxable","15":"purchasable","16":"product-type-simple"},"_links":{"self":[{"href":"https:\/\/donkydetailing.com\/index.php?rest_route=\/wp\/v2\/product\/9853","targetHints":{"allow":["GET"]}}],"collection":[{"href":"https:\/\/donkydetailing.com\/index.php?rest_route=\/wp\/v2\/product"}],"about":[{"href":"https:\/\/donkydetailing.com\/index.php?rest_route=\/wp\/v2\/types\/product"}],"replies":[{"embeddable":true,"href":"https:\/\/donkydetailing.com\/index.php?rest_route=%2Fwp%2Fv2%2Fcomments&post=9853"}],"version-history":[{"count":1,"href":"https:\/\/donkydetailing.com\/index.php?rest_route=\/wp\/v2\/product\/9853\/revisions"}],"predecessor-version":[{"id":12084,"href":"https:\/\/donkydetailing.com\/index.php?rest_route=\/wp\/v2\/product\/9853\/revisions\/12084"}],"wp:featuredmedia":[{"embeddable":true,"href":"https:\/\/donkydetailing.com\/index.php?rest_route=\/wp\/v2\/media\/12083"}],"wp:attachment":[{"href":"https:\/\/donkydetailing.com\/index.php?rest_route=%2Fwp%2Fv2%2Fmedia&parent=9853"}],"wp:term":[{"taxonomy":"product_brand","embeddable":true,"href":"https:\/\/donkydetailing.com\/index.php?rest_route=%2Fwp%2Fv2%2Fproduct_brand&post=9853"},{"taxonomy":"product_cat","embeddable":true,"href":"https:\/\/donkydetailing.com\/index.php?rest_route=%2Fwp%2Fv2%2Fproduct_cat&post=9853"},{"taxonomy":"product_tag","embeddable":true,"href":"https:\/\/donkydetailing.com\/index.php?rest_route=%2Fwp%2Fv2%2Fproduct_tag&post=9853"}],"curies":[{"name":"wp","href":"https:\/\/api.w.org\/{rel}","templated":true}]}}